{"id":11,"date":"2024-11-28T07:20:02","date_gmt":"2024-11-28T06:20:02","guid":{"rendered":"https:\/\/pisa.wordcamp.org\/2025\/location\/"},"modified":"2025-11-21T08:48:55","modified_gmt":"2025-11-21T07:48:55","slug":"location","status":"publish","type":"page","link":"https:\/\/pisa.wordcamp.org\/2025\/location\/","title":{"rendered":"Location"},"content":{"rendered":"\n<p class=\"wp-block-paragraph\">Il WordCamp \u00e8 organizzato in sinergia con&nbsp;l&#8217;<strong>Universit\u00e0 di Pisa<\/strong> e in collaborazione con il <strong>Dipartimento di Informatica<\/strong> che offre gli spazi per il Contributor Day.<\/p>\n\n\n\n<div class=\"wp-block-media-text is-stacked-on-mobile\"><figure class=\"wp-block-media-text__media\"><img data-recalc-dims=\"1\" loading=\"lazy\" decoding=\"async\" width=\"1024\" height=\"747\" src=\"https:\/\/i0.wp.com\/pisa.wordcamp.org\/2025\/files\/2025\/06\/Screenshot-2025-06-05-120038-e1749144530716-1024x747.png?resize=1024%2C747&#038;ssl=1\" alt=\"\" class=\"wp-image-1744 size-medium\" srcset=\"https:\/\/i0.wp.com\/pisa.wordcamp.org\/2025\/files\/2025\/06\/Screenshot-2025-06-05-120038-e1749144530716.png?resize=1024%2C747&amp;ssl=1 1024w, https:\/\/i0.wp.com\/pisa.wordcamp.org\/2025\/files\/2025\/06\/Screenshot-2025-06-05-120038-e1749144530716.png?resize=300%2C219&amp;ssl=1 300w, https:\/\/i0.wp.com\/pisa.wordcamp.org\/2025\/files\/2025\/06\/Screenshot-2025-06-05-120038-e1749144530716.png?resize=768%2C560&amp;ssl=1 768w, https:\/\/i0.wp.com\/pisa.wordcamp.org\/2025\/files\/2025\/06\/Screenshot-2025-06-05-120038-e1749144530716.png?resize=411%2C300&amp;ssl=1 411w, https:\/\/i0.wp.com\/pisa.wordcamp.org\/2025\/files\/2025\/06\/Screenshot-2025-06-05-120038-e1749144530716.png?w=1186&amp;ssl=1 1186w\" sizes=\"auto, (max-width: 1024px) 100vw, 1024px\" \/><\/figure><div class=\"wp-block-media-text__content\">\n<p class=\"wp-block-paragraph\">Il <strong>Dipartimento di Informatica<\/strong> dell\u2019Universit\u00e0 di Pisa, situato a pochi passi dal centro storico, \u00e8 stato scelto per avvicinare l&#8217;evento alla comunit\u00e0 degli studenti che quotidianamente frequentano le sue aule. <\/p>\n\n\n\n<p class=\"wp-block-paragraph\">Gli spazi comuni accoglienti offrono un contesto ideale per la condivisione della conoscenza e l\u2019interazione tra partecipanti provenienti da diversi ambiti.<\/p>\n<\/div><\/div>\n\n\n\n<p class=\"wp-block-paragraph\">Nella sede del Dipartimento di Informatica si svolger\u00e0 il <strong>Contributor Day<\/strong> il 21 novembre, al secondo piano dell&#8217;Edificio C. Il complesso di edifici in cui \u00e8 situato il Contributor Day prende il nome di <strong>Polo Fibonacci<\/strong> e le strade lungo il suo perimetro non si trovano in ZTL, quindi \u00e8 possibile raggiungerlo in auto o con i mezzi pubblici. Ci sono a disposizione parcheggi su strada e un grande parcheggio gratuito a poca distanza. Potete trovare la sua posizione nella mappa qui di seguito.<\/p>\n\n\n\n<div class=\"wp-block-columns is-layout-flex wp-container-core-columns-is-layout-794e3cfa wp-block-columns-is-layout-flex\">\n<div class=\"wp-block-column location-col is-layout-flow wp-block-column-is-layout-flow\" style=\"padding-right:0;padding-left:0;flex-basis:100%\">\n<div class=\"googlemaps\">\n\t\t\t\t<iframe loading=\"lazy\" width=\"425\" height=\"350\" frameborder=\"0\" scrolling=\"no\" marginheight=\"0\" marginwidth=\"0\"  src=\"https:\/\/www.google.com\/maps\/embed?pb=!1m14!1m8!1m3!1d1400.4589581376129!2d10.407743712945605!3d43.720550138784795!3m2!1i1024!2i768!4f13.1!3m3!1m2!1s0x12d591bcbfe591bb:0x91d311f58e2115b6!2sDipartimento%20di%20Informatica!5e1!3m2!1sit!2sit!4v1763711141693!5m2!1sit!2sit\"><\/iframe>\n\t\t\t<\/div>\n<\/div>\n<\/div>\n\n\n\n<div style=\"height:44px\" aria-hidden=\"true\" class=\"wp-block-spacer\"><\/div>\n\n\n\n<div class=\"wp-block-media-text has-media-on-the-right is-stacked-on-mobile\"><div class=\"wp-block-media-text__content\">\n<p class=\"wp-block-paragraph\">Il<strong> Polo Carmignani<\/strong>, incastonato tra la storica Piazza dei Cavalieri e le antiche mura cittadine, offrir\u00e0 invece uno scenario pi\u00f9 suggestivo e istituzionale per le sessioni plenarie e gli eventi collaterali. Questo complesso architettonico, ricco di storia e fascino, conferir\u00e0 all\u2019evento un\u2019atmosfera unica, in cui la cultura accademica si fonde con la bellezza del patrimonio pisano. Entrambe le sedi sono facilmente raggiungibili a piedi e ben collegate con i principali mezzi di trasporto cittadini.<\/p>\n<\/div><figure class=\"wp-block-media-text__media\"><img data-recalc-dims=\"1\" loading=\"lazy\" decoding=\"async\" width=\"300\" height=\"200\" src=\"https:\/\/i0.wp.com\/pisa.wordcamp.org\/2025\/files\/2025\/06\/pexels-stonesdonotdisappear-20329493.jpg?resize=300%2C200&#038;ssl=1\" alt=\"Palazzo della carovana, piazza dei cavalieri\" class=\"wp-image-1745 size-medium\" srcset=\"https:\/\/i0.wp.com\/pisa.wordcamp.org\/2025\/files\/2025\/06\/pexels-stonesdonotdisappear-20329493-scaled.jpg?resize=300%2C200&amp;ssl=1 300w, https:\/\/i0.wp.com\/pisa.wordcamp.org\/2025\/files\/2025\/06\/pexels-stonesdonotdisappear-20329493-scaled.jpg?resize=1024%2C683&amp;ssl=1 1024w, https:\/\/i0.wp.com\/pisa.wordcamp.org\/2025\/files\/2025\/06\/pexels-stonesdonotdisappear-20329493-scaled.jpg?resize=768%2C512&amp;ssl=1 768w, https:\/\/i0.wp.com\/pisa.wordcamp.org\/2025\/files\/2025\/06\/pexels-stonesdonotdisappear-20329493-scaled.jpg?resize=450%2C300&amp;ssl=1 450w, https:\/\/i0.wp.com\/pisa.wordcamp.org\/2025\/files\/2025\/06\/pexels-stonesdonotdisappear-20329493-scaled.jpg?resize=1536%2C1024&amp;ssl=1 1536w, https:\/\/i0.wp.com\/pisa.wordcamp.org\/2025\/files\/2025\/06\/pexels-stonesdonotdisappear-20329493-scaled.jpg?resize=2048%2C1365&amp;ssl=1 2048w\" sizes=\"auto, (max-width: 300px) 100vw, 300px\" \/><\/figure><\/div>\n\n\n\n<p class=\"wp-block-paragraph\">Nella sede del Polo Carmignani si svolger\u00e0 la <strong>Giornata delle Conferenze<\/strong> il 22 novembre. Il Polo \u00e8 raggiungibile facilmente a piedi da Piazza dei Cavalieri, entrando nel cancello che porta alla Mensa Universitaria Martiri e svoltando subito a destra. La zona si trova in ZTL, quindi sar\u00e0 opportuno parcheggiare all&#8217;esterno e raggiungere Piazza dei Cavalieri a piedi o tramite i mezzi di trasporto cittadini. Anche in questo caso trovate la mappa qui di seguito<\/p>\n\n\n\n<div class=\"wp-block-columns is-layout-flex wp-container-core-columns-is-layout-794e3cfa wp-block-columns-is-layout-flex\">\n<div class=\"wp-block-column location-col is-layout-flow wp-block-column-is-layout-flow\" style=\"padding-right:0;padding-left:0\">\n<div class=\"googlemaps\">\n\t\t\t\t<iframe loading=\"lazy\" width=\"425\" height=\"350\" frameborder=\"0\" scrolling=\"no\" marginheight=\"0\" marginwidth=\"0\"  src=\"https:\/\/www.google.com\/maps\/embed?pb=!1m18!1m12!1m3!1d813.1880094626871!2d10.399804117859142!3d43.72006318149512!2m3!1f0!2f0!3f0!3m2!1i1024!2i768!4f13.1!3m3!1m2!1s0x12d591a3dd10ac29:0x5c8f8349ea5815b3!2sPolo%20Carmignani!5e0!3m2!1sit!2sit!4v1757496806725!5m2!1sit!2sit\"><\/iframe>\n\t\t\t<\/div>\n<\/div>\n<\/div>\n\n\n\n<p class=\"wp-block-paragraph\">\u00c8 possibile richiedere un <strong>pass temporaneo per persone con disabilit\u00e0 e non residenti a Pisa<\/strong>. Tutte le informazioni sono disponibili nel <a href=\"https:\/\/mobilita.pisamo.net\/disabili-non-residenti-a-pisa\/\">sito della Pisa Mo<\/a>.<\/p>\n\n\n\n<p class=\"wp-block-paragraph\"><\/p>\n","protected":false},"excerpt":{"rendered":"<p>Il WordCamp \u00e8 organizzato in sinergia con&nbsp;l&#8217;Universit\u00e0 di Pisa e in collaborazione con il Dipartimento di Informatica che offre gli spazi per il Contributor Day. Il Dipartimento di Informatica dell\u2019Universit\u00e0 di Pisa, situato a pochi passi dal centro storico, \u00e8 stato scelto per avvicinare l&#8217;evento alla comunit\u00e0 degli studenti che quotidianamente frequentano le sue aule. [&hellip;]<\/p>\n","protected":false},"author":15253075,"featured_media":0,"parent":0,"menu_order":0,"comment_status":"closed","ping_status":"closed","template":"","meta":{"_crdt_document":"","advanced_seo_description":"","jetpack_seo_html_title":"","jetpack_seo_noindex":false,"footnotes":""},"class_list":["post-11","page","type-page","status-publish","hentry"],"jetpack_sharing_enabled":true,"_links":{"self":[{"href":"https:\/\/pisa.wordcamp.org\/2025\/wp-json\/wp\/v2\/pages\/11","targetHints":{"allow":["GET"]}}],"collection":[{"href":"https:\/\/pisa.wordcamp.org\/2025\/wp-json\/wp\/v2\/pages"}],"about":[{"href":"https:\/\/pisa.wordcamp.org\/2025\/wp-json\/wp\/v2\/types\/page"}],"author":[{"embeddable":true,"href":"https:\/\/pisa.wordcamp.org\/2025\/wp-json\/wp\/v2\/users\/15253075"}],"replies":[{"embeddable":true,"href":"https:\/\/pisa.wordcamp.org\/2025\/wp-json\/wp\/v2\/comments?post=11"}],"version-history":[{"count":15,"href":"https:\/\/pisa.wordcamp.org\/2025\/wp-json\/wp\/v2\/pages\/11\/revisions"}],"predecessor-version":[{"id":3782,"href":"https:\/\/pisa.wordcamp.org\/2025\/wp-json\/wp\/v2\/pages\/11\/revisions\/3782"}],"wp:attachment":[{"href":"https:\/\/pisa.wordcamp.org\/2025\/wp-json\/wp\/v2\/media?parent=11"}],"curies":[{"name":"wp","href":"https:\/\/api.w.org\/{rel}","templated":true}]}}