{"id":1824,"date":"2025-06-06T18:53:42","date_gmt":"2025-06-06T16:53:42","guid":{"rendered":"https:\/\/pisa.wordcamp.org\/2025\/?page_id=1824"},"modified":"2026-03-26T20:35:39","modified_gmt":"2026-03-26T19:35:39","slug":"call-for-speakers","status":"publish","type":"page","link":"https:\/\/pisa.wordcamp.org\/2025\/call-for-speakers\/","title":{"rendered":"Cerchiamo speaker!"},"content":{"rendered":"\n<div class=\"wp-block-cover alignfull is-light\" style=\"padding-top:var(--wp--preset--spacing--80);padding-right:var(--wp--preset--spacing--50);padding-bottom:var(--wp--preset--spacing--80);padding-left:var(--wp--preset--spacing--50)\"><img data-recalc-dims=\"1\" loading=\"lazy\" decoding=\"async\" width=\"1024\" height=\"683\" class=\"wp-block-cover__image-background wp-image-1314 size-large\" alt=\"Torre di Pisa\" src=\"https:\/\/i0.wp.com\/pisa.wordcamp.org\/2025\/files\/2025\/05\/Torre-di-Pisa.jpg?resize=1024%2C683&#038;ssl=1\" style=\"object-position:21% 50%\" data-object-fit=\"cover\" data-object-position=\"21% 50%\" srcset=\"https:\/\/i0.wp.com\/pisa.wordcamp.org\/2025\/files\/2025\/05\/Torre-di-Pisa.jpg?resize=1024%2C683&amp;ssl=1 1024w, https:\/\/i0.wp.com\/pisa.wordcamp.org\/2025\/files\/2025\/05\/Torre-di-Pisa.jpg?resize=300%2C200&amp;ssl=1 300w, https:\/\/i0.wp.com\/pisa.wordcamp.org\/2025\/files\/2025\/05\/Torre-di-Pisa.jpg?resize=768%2C512&amp;ssl=1 768w, https:\/\/i0.wp.com\/pisa.wordcamp.org\/2025\/files\/2025\/05\/Torre-di-Pisa.jpg?resize=450%2C300&amp;ssl=1 450w, https:\/\/i0.wp.com\/pisa.wordcamp.org\/2025\/files\/2025\/05\/Torre-di-Pisa.jpg?resize=1536%2C1024&amp;ssl=1 1536w, https:\/\/i0.wp.com\/pisa.wordcamp.org\/2025\/files\/2025\/05\/Torre-di-Pisa.jpg?resize=2048%2C1365&amp;ssl=1 2048w\" sizes=\"auto, (max-width: 1024px) 100vw, 1024px\" \/><span aria-hidden=\"true\" class=\"wp-block-cover__background has-accent-2-background-color has-background-dim-90 has-background-dim\"><\/span><div class=\"wp-block-cover__inner-container has-global-padding is-layout-constrained wp-container-core-cover-is-layout-16ed407f wp-block-cover-is-layout-constrained\">\n<div class=\"wp-block-group is-layout-flow wp-block-group-is-layout-flow\">\n<div class=\"wp-block-columns alignwide is-layout-flex wp-container-core-columns-is-layout-f911b2ec wp-block-columns-is-layout-flex\">\n<div class=\"wp-block-column is-vertically-aligned-center is-layout-flow wp-block-column-is-layout-flow\" style=\"flex-basis:55%\">\n<div class=\"wp-block-group is-vertical is-content-justification-left is-nowrap is-layout-flex wp-container-core-group-is-layout-e6e33fe6 wp-block-group-is-layout-flex\" style=\"min-height:100%\">\n<div class=\"wp-block-group has-global-padding is-layout-constrained wp-container-core-group-is-layout-f789337c wp-block-group-is-layout-constrained\">\n<h2 class=\"wp-block-heading has-contrast-color has-text-color has-link-color has-xx-large-font-size wp-elements-63dcce72ea5d4a584b456a08b80bb0c8\">Cerchiamo speaker!<\/h2>\n\n\n\n<div class=\"wp-block-buttons is-layout-flex wp-block-buttons-is-layout-flex\">\n<div class=\"wp-block-button is-style-fill\"><a class=\"wp-block-button__link has-base-color has-accent-1-background-color has-text-color has-background has-link-color has-border-color has-accent-4-border-color wp-element-button\" href=\"#modulo-candidatura\">Candidati ora<\/a><\/div>\n<\/div>\n<\/div>\n<\/div>\n<\/div>\n\n\n\n<div class=\"wp-block-column is-vertically-aligned-top is-layout-flow wp-block-column-is-layout-flow\" style=\"flex-basis:45%\">\n<figure class=\"wp-block-image aligncenter size-full\"><img data-recalc-dims=\"1\" loading=\"lazy\" decoding=\"async\" width=\"420\" height=\"351\" src=\"https:\/\/i0.wp.com\/pisa.wordcamp.org\/2025\/files\/2025\/07\/speaker-logo-1.png?resize=420%2C351&#038;ssl=1\" alt=\"\" class=\"wp-image-2160\" srcset=\"https:\/\/i0.wp.com\/pisa.wordcamp.org\/2025\/files\/2025\/07\/speaker-logo-1.png?w=420&amp;ssl=1 420w, https:\/\/i0.wp.com\/pisa.wordcamp.org\/2025\/files\/2025\/07\/speaker-logo-1.png?resize=300%2C251&amp;ssl=1 300w, https:\/\/i0.wp.com\/pisa.wordcamp.org\/2025\/files\/2025\/07\/speaker-logo-1.png?resize=359%2C300&amp;ssl=1 359w\" sizes=\"auto, (max-width: 420px) 100vw, 420px\" \/><\/figure>\n<\/div>\n<\/div>\n<\/div>\n<\/div><\/div>\n\n\n\n<div class=\"wp-block-group has-background is-layout-flow wp-block-group-is-layout-flow\" style=\"background-color:#c2e8ff;padding-top:var(--wp--preset--spacing--40);padding-bottom:var(--wp--preset--spacing--40)\">\n<p class=\"has-text-align-center wp-block-paragraph\"> <strong>Attenzione: la Call for Speakers \u00e8 chiusa!<\/strong><\/p>\n\n\n\n<p class=\"has-text-align-center wp-block-paragraph\">Se non l&#8217;hai ancora fatto, <a href=\"https:\/\/pisa.wordcamp.org\/2025\/tickets\/\" data-type=\"page\" data-id=\"13\">riserva il tuo posto a WordCamp Pisa 2025<\/a>!<\/p>\n<\/div>\n\n\n\n<div class=\"wp-block-group has-global-padding is-layout-constrained wp-block-group-is-layout-constrained\">\n<p class=\"wp-block-paragraph\"><strong>La condivisione di esperienze e conoscenza \u00e8 il cuore di ogni&nbsp; WordCamp<\/strong>: c\u2019\u00e8 chi partecipa per la prima volta e vuole avvicinarsi a WordPress, e chi \u00e8 invece utente gi\u00e0 da tempo e vuole approfondire o scoprirne nuovi segreti.<\/p>\n\n\n\n<p class=\"wp-block-paragraph\"><strong>I WordCamp sono eventi aperti a chiunque voglia parteciparvi<\/strong>: designer, blogger, developer, marketer, copywriter e, in generale, persone appassionate e curiose.<\/p>\n\n\n\n<p class=\"wp-block-paragraph\">I WordCamp sono eventi <strong>inclusivi<\/strong> e <strong>accessibili<\/strong>. Siamo quindi felici di ospitare speaker di ogni et\u00e0, background e livello di esperienza.<\/p>\n\n\n\n<p class=\"wp-block-paragraph\">Non dovrai essere speaker professionista, solo essere competente nell\u2019argomento di cui parlerai, e voler condividere ci\u00f2 che sai: \u00e8 proprio lo spirito di condivisione che sostiene WordPress e la sua community.<\/p>\n\n\n\n<p class=\"wp-block-paragraph\">Se questa \u00e8 la tua prima esperienza come speaker o vorresti avere un feedback sul tuo talk, abbiamo anche un ottimo servizio di mentoring per aiutarti a mettere a punto la tua presentazione!<\/p>\n\n\n\n<p class=\"wp-block-paragraph\">Hai utilizzato WordPress per un tuo progetto personale? Vuoi condividere le tue soluzioni ad una problematica insolita, o raccontarci come \u00e8 nata la tua passione per WordPress?<\/p>\n\n\n\n<p class=\"wp-block-paragraph\">Benissimo! Le tue esperienze potrebbero essere di ispirazione per il pubblico del WordCamp e far crescere tutta la nostra meravigliosa community.<\/p>\n\n\n\n<div class=\"wp-block-group has-background has-global-padding is-layout-constrained wp-container-core-group-is-layout-a52ac317 wp-block-group-is-layout-constrained\" style=\"background-color:#ffdd0040;margin-top:var(--wp--preset--spacing--50);margin-bottom:var(--wp--preset--spacing--50);padding-top:var(--wp--preset--spacing--30);padding-right:var(--wp--preset--spacing--30);padding-bottom:var(--wp--preset--spacing--30);padding-left:var(--wp--preset--spacing--30)\">\n<ul class=\"wp-block-list\">\n<li><strong><a href=\"#argomenti\">Di quali argomenti posso parlare?<\/a><\/strong><\/li>\n\n\n\n<li><strong><a href=\"#formati\">Formato dei  talk<\/a><\/strong><\/li>\n\n\n\n<li><strong><a href=\"#candidature\">Chi pu\u00f2 candidarsi per parlare?<\/a><\/strong><\/li>\n\n\n\n<li><strong><a href=\"#tempi-scadenze\">Tempi e scadenze<\/a><\/strong><\/li>\n\n\n\n<li><strong><a href=\"#altre-cose\">Altre cose da ricordare<\/a><\/strong><\/li>\n\n\n\n<li><strong><a href=\"#modulo-candidatura\">Invia la tua candidatura per il WordCamp Pisa!<\/a><\/strong><\/li>\n<\/ul>\n<\/div>\n\n\n\n<h2 class=\"wp-block-heading\" id=\"argomenti\" style=\"margin-top:var(--wp--preset--spacing--50)\"><strong>Di quali argomenti posso parlare?<\/strong><\/h2>\n\n\n\n<p class=\"wp-block-paragraph\">Puoi scegliere liberamente qualunque argomento che ti appassiona e di cui tu voglia parlare. Tieni comunque presente che un WordCamp \u00e8 un evento dedicato a WordPress e alla sua community, per cui restare in questo ambito potrebbe aiutare il tuo talk ad essere selezionato.<\/p>\n\n\n\n<p class=\"wp-block-paragraph\">Ecco qualche idea per argomenti che ci piacerebbe trattare.<\/p>\n\n\n\n<p class=\"wp-block-paragraph\"><strong>Sviluppo<\/strong><\/p>\n\n\n\n<ul class=\"wp-block-list\">\n<li>Integrazioni con terze parti (Gateway di pagamento, API\u2026)&nbsp;&nbsp;<\/li>\n\n\n\n<li>Headless CMS<\/li>\n\n\n\n<li>WordPress API<\/li>\n\n\n\n<li>PHP, HTML, CSS, JavaScript, ReactJS<\/li>\n\n\n\n<li>Block editor<\/li>\n\n\n\n<li>Estendere WordPress (sviluppo temi e plugin)<\/li>\n\n\n\n<li>FSE (Full Site Editing)<\/li>\n\n\n\n<li>Sicurezza di WordPress: Hosting, core, temi e plugin<\/li>\n\n\n\n<li>WordPress e Internet of Things<\/li>\n\n\n\n<li>Contribuire a WordPress<\/li>\n\n\n\n<li>Strumenti di sviluppo<\/li>\n\n\n\n<li>CI\/CD<\/li>\n\n\n\n<li>WordPress multisite<\/li>\n\n\n\n<li>AI e Machine Learning<\/li>\n<\/ul>\n\n\n\n<p class=\"wp-block-paragraph\"><strong>Business<\/strong><\/p>\n\n\n\n<ul class=\"wp-block-list\">\n<li>Modelli di business (meglio se etici e sostenibili)<\/li>\n\n\n\n<li>GDPR Compliance<\/li>\n\n\n\n<li>Manutenzione ed altri servizi<\/li>\n\n\n\n<li>Trovare, gestire e suppportare i clienti<\/li>\n\n\n\n<li>Vita ed esperienze da Freelance<\/li>\n\n\n\n<li>e-Commerce con WordPress<\/li>\n\n\n\n<li>SEO<\/li>\n\n\n\n<li>Universal accessibility<\/li>\n\n\n\n<li>Case history \/ Case study<\/li>\n<\/ul>\n\n\n\n<p class=\"wp-block-paragraph\"><strong>Comunit\u00e0 e Persone<\/strong><\/p>\n\n\n\n<ul class=\"wp-block-list\">\n<li>Come funziona WordPress e dove trovare aiuto<\/li>\n\n\n\n<li>Contribuire al progetto<\/li>\n\n\n\n<li>Lavorare con la the community<\/li>\n\n\n\n<li>La roadmap di WordPress<\/li>\n\n\n\n<li>Il futuro di WordPress<\/li>\n\n\n\n<li>Inclusione e accessibilit\u00e0 (in tutti i sensi)<\/li>\n\n\n\n<li>Problemi e sfide principali legate all\u2019uso di WordPress<\/li>\n\n\n\n<li>Eventi della Community<\/li>\n\n\n\n<li>Personal storytelling<\/li>\n\n\n\n<li>Open Source<\/li>\n<\/ul>\n\n\n\n<p class=\"wp-block-paragraph\"><strong>Design<\/strong><\/p>\n\n\n\n<ul class=\"wp-block-list\">\n<li>Font e caratteri tipografici<\/li>\n\n\n\n<li>Progettare per le performance<\/li>\n\n\n\n<li>Brand Identity<\/li>\n\n\n\n<li>Progettare per l\u2019accessibilit\u00e0 \/ WCAG 2<\/li>\n\n\n\n<li>Il presente e futuro del design<\/li>\n\n\n\n<li>Web design (metodi, best practice e idee brillanti)<\/li>\n\n\n\n<li>Strumenti di design per il web<\/li>\n\n\n\n<li>\u201cRegole\u201d per il design e la progettazione di siti&nbsp;<\/li>\n\n\n\n<li>Diritto d\u2019autore<\/li>\n<\/ul>\n\n\n\n<h2 class=\"wp-block-heading\" id=\"formati\" style=\"margin-top:var(--wp--preset--spacing--50)\"><strong>Formato dei talk<\/strong><\/h2>\n\n\n\n<p class=\"wp-block-paragraph\">Vogliamo creare un evento ricco ma che lasci anche spazio per socializzare, visitare i nostri sponsor e per muoversi senza troppa fretta tra una presentazione e l\u2019altra.<\/p>\n\n\n\n<p class=\"wp-block-paragraph\">Per questo abbiamo tre formati:<\/p>\n\n\n\n<ul class=\"wp-block-list\">\n<li><strong>Talk tradizionale<\/strong><strong><br><\/strong>30 minuti di tempo in totale a disposizione di ogni speaker, utilizzabili completamente per una presentazione lunga, oppure per un talk pi\u00f9 breve che lasci spazio per qualche domanda del pubblico alla fine.<br><\/li>\n\n\n\n<li><strong>Lightning talk<br><\/strong>Un talk da 10 minuti: presentazioni dritte al punto, pillole di conoscenza per argomenti pratici, tecnici, accorgimenti\u2026 o i vostri assi nella manica nell\u2019uso di WordPress.<br>Un formato breve per dare spazio fino a 3 speaker nell\u2019arco di mezz\u2019ora.<br><\/li>\n\n\n\n<li><strong>Panel<\/strong><br>Una tavola rotonda con un moderatore e diversi relatori che si confrontano su un argomento specifico relativo a WordPress in cui il pubblico \u00e8 parte integrante della discussione!<br>Durata 30 minuti.<br><\/li>\n<\/ul>\n\n\n\n<h2 class=\"wp-block-heading\" id=\"candidature\" style=\"margin-top:var(--wp--preset--spacing--50)\"><strong>Chi pu\u00f2 candidarsi per parlare?<\/strong><\/h2>\n\n\n\n<p class=\"wp-block-paragraph\">In breve: chiunque usi WordPress, a qualunque livello, incluso chi parla per la prima volta ad un evento. <strong>Si-pu\u00f2-fare!<\/strong><\/p>\n\n\n\n<p class=\"wp-block-paragraph\">WordCamp Pisa 2025 riflette i valori della Community di WordPress: incoraggiamo la partecipazione di chi non \u00e8 mai stat\u0259 sul palco, o chi non ha molte opportunit\u00e0 per farlo.&nbsp;<\/p>\n\n\n\n<p class=\"wp-block-paragraph\">Gli unici requisiti sono passione e conoscenza pratica dell\u2019argomento di cui parlerai.<\/p>\n\n\n\n<p class=\"wp-block-paragraph\">Se l\u2019idea di parlare al WordCamp Pisa ti solletica, ti aiuteremo a farlo! Abbiamo anche un programma di Mentoring per aiutare chi ha poca esperienza come speaker a prepararsi al meglio.<\/p>\n\n\n\n<h2 class=\"wp-block-heading\" id=\"tempi-scadenze\" style=\"margin-top:var(--wp--preset--spacing--50);margin-right:0;margin-bottom:0;margin-left:0\"><strong>Tempi e scadenze<\/strong><\/h2>\n\n\n\n<ul class=\"wp-block-list\">\n<li>08 luglio 2025 &#8211; Apertura call for speakers<\/li>\n\n\n\n<li>15 settembre 2025 &#8211; Chiusura call for speakers<\/li>\n\n\n\n<li>22 settembre 2025-  Le persone candidate riceveranno una risposta<\/li>\n\n\n\n<li>01 ottobre 2025  &#8211; Pubblicazione del programma<\/li>\n\n\n\n<li>07 novembre &#8211; Termine per l\u2019invio delle slide<\/li>\n\n\n\n<li>Sabato 22 novembre 2025 &#8211; WordCamp Pisa 2025!<br><\/li>\n<\/ul>\n<\/div>\n\n\n\n<p class=\"wp-block-paragraph\"><\/p>\n\n\n\n<div class=\"wp-block-group has-global-padding is-layout-constrained wp-block-group-is-layout-constrained\">\n<h2 class=\"wp-block-heading\" id=\"altre-cose\">Altre cose da ricordare<\/h2>\n\n\n\n<ul class=\"wp-block-list\">\n<li><strong>Diamo il benvenuto a speaker di ogni et\u00e0 e background<\/strong>: i WordCamp sono eventi inclusivi e accessibili.<\/li>\n\n\n\n<li><strong>Non devi essere speaker professionista<\/strong>, ma ci aspettiamo che tu sia competente nell\u2019argomento di cui parlerai.<\/li>\n\n\n\n<li><strong>La tua presentazione non \u00e8 un mezzo per promuovere il tuo prodotto o servizio<\/strong>. Se la tua sessione spiega come hai usato WordPress per costruire qualcosa di interesse collettivo e vuoi presentare un case-study va benissimo, ma non sono ammessi messaggi di vendita (comprese slide con foto dei libri o corsi e link per l\u2019acquisto o coupon di sconto).<\/li>\n\n\n\n<li>Se la tua candidatura sar\u00e0 accettata, i testi che inserirai nei campi Bio, Titolo della sessione e Descrizione della sessione verranno usati nel sito: per favore, compila tutto con cura. Ci riserviamo la facolt\u00e0 di modificarli per coerenza con il resto dei testi.<\/li>\n\n\n\n<li>Ricorda la P maiuscola di WordPress e rispetta il <a href=\"http:\/\/wordpress.org\/about\/logos\/\"><strong>diritto d\u2019autore<\/strong><\/a> di WordPress.<\/li>\n\n\n\n<li>Se vuoi candidarti con pi\u00f9 proposte, compila il form per ogni singolo talk.<\/li>\n\n\n\n<li>Le slide dovranno essere consegnate <strong>entro venerd\u00ec 7 novembre.<\/strong><\/li>\n\n\n\n<li><strong>Nessun pagamento o rimborso \u00e8 dovuto ai relatori<\/strong>: i WordCamp si basano su contributi volontari di tutte le persone coinvolte.<\/li>\n\n\n\n<li><strong>Ti preghiamo di accettare queste regole solo se le hai davvero lette.<\/strong><\/li>\n<\/ul>\n<\/div>\n","protected":false},"excerpt":{"rendered":"<p>Attenzione: la Call for Speakers \u00e8 chiusa! Se non l&#8217;hai ancora fatto, riserva il tuo posto a WordCamp Pisa 2025! La condivisione di esperienze e conoscenza \u00e8 il cuore di ogni&nbsp; WordCamp: c\u2019\u00e8 chi partecipa per la prima volta e vuole avvicinarsi a WordPress, e chi \u00e8 invece utente gi\u00e0 da tempo e vuole approfondire [&hellip;]<\/p>\n","protected":false},"author":287655,"featured_media":0,"parent":0,"menu_order":0,"comment_status":"closed","ping_status":"closed","template":"page-no-title","meta":{"_crdt_document":"","advanced_seo_description":"","jetpack_seo_html_title":"","jetpack_seo_noindex":false,"footnotes":""},"class_list":["post-1824","page","type-page","status-publish","hentry"],"jetpack_sharing_enabled":true,"_links":{"self":[{"href":"https:\/\/pisa.wordcamp.org\/2025\/wp-json\/wp\/v2\/pages\/1824","targetHints":{"allow":["GET"]}}],"collection":[{"href":"https:\/\/pisa.wordcamp.org\/2025\/wp-json\/wp\/v2\/pages"}],"about":[{"href":"https:\/\/pisa.wordcamp.org\/2025\/wp-json\/wp\/v2\/types\/page"}],"author":[{"embeddable":true,"href":"https:\/\/pisa.wordcamp.org\/2025\/wp-json\/wp\/v2\/users\/287655"}],"replies":[{"embeddable":true,"href":"https:\/\/pisa.wordcamp.org\/2025\/wp-json\/wp\/v2\/comments?post=1824"}],"version-history":[{"count":30,"href":"https:\/\/pisa.wordcamp.org\/2025\/wp-json\/wp\/v2\/pages\/1824\/revisions"}],"predecessor-version":[{"id":3888,"href":"https:\/\/pisa.wordcamp.org\/2025\/wp-json\/wp\/v2\/pages\/1824\/revisions\/3888"}],"wp:attachment":[{"href":"https:\/\/pisa.wordcamp.org\/2025\/wp-json\/wp\/v2\/media?parent=1824"}],"curies":[{"name":"wp","href":"https:\/\/api.w.org\/{rel}","templated":true}]}}