{"id":2422,"date":"2025-09-11T17:08:11","date_gmt":"2025-09-11T15:08:11","guid":{"rendered":"https:\/\/pisa.wordcamp.org\/2025\/?page_id=2422"},"modified":"2025-11-15T10:46:31","modified_gmt":"2025-11-15T09:46:31","slug":"come-arrivare","status":"publish","type":"page","link":"https:\/\/pisa.wordcamp.org\/2025\/come-arrivare\/","title":{"rendered":"Come arrivare"},"content":{"rendered":"\n<p class=\"wp-block-paragraph\">Grazie alla presenza dell&#8217;Universit\u00e0 di Pisa, uno degli atenei pi\u00f9 frequentati in Italia, Pisa \u00e8 a tutti gli effetti una <strong>citt\u00e0 campus<\/strong> e pertanto \u00e8 sia facilmente raggiungibile da molto lontano, che molto ben interconnessa a livello di mezzi di trasporto pubblici. Infatti essa vanta la presenza di un aeroporto, di due stazioni ferroviarie e di due caselli autostradali.<\/p>\n\n\n\n<p class=\"wp-block-paragraph\">In questa pagina forniremo tutte le informazioni necessarie per chi dovesse raggiungere Pisa da un&#8217;altra citt\u00e0, mentre per le informazioni su alloggi, trasporti pubblici e ZTL rimandiamo alla pagina <a href=\"https:\/\/pisa.wordcamp.org\/2025\/come-fare-per\/\">Come fare per&#8230;<\/a><\/p>\n\n\n\n<div class=\"wp-block-columns is-layout-flex wp-container-core-columns-is-layout-794e3cfa wp-block-columns-is-layout-flex\">\n<div class=\"wp-block-column is-layout-flow wp-block-column-is-layout-flow\" style=\"flex-basis:50%\">\n<figure class=\"wp-block-image aligncenter is-resized\"><img data-recalc-dims=\"1\" loading=\"lazy\" decoding=\"async\" width=\"1024\" height=\"1024\" src=\"https:\/\/i0.wp.com\/pisa.wordcamp.org\/2025\/files\/2025\/09\/vecteezy_airplane-drawing-png-generative-ai_28720626.png?resize=1024%2C1024&#038;ssl=1\" alt=\"\" class=\"wp-image-2430\" style=\"width:411px;height:auto\" srcset=\"https:\/\/i0.wp.com\/pisa.wordcamp.org\/2025\/files\/2025\/09\/vecteezy_airplane-drawing-png-generative-ai_28720626-scaled.png?resize=1024%2C1024&amp;ssl=1 1024w, https:\/\/i0.wp.com\/pisa.wordcamp.org\/2025\/files\/2025\/09\/vecteezy_airplane-drawing-png-generative-ai_28720626-scaled.png?resize=300%2C300&amp;ssl=1 300w, https:\/\/i0.wp.com\/pisa.wordcamp.org\/2025\/files\/2025\/09\/vecteezy_airplane-drawing-png-generative-ai_28720626-scaled.png?resize=150%2C150&amp;ssl=1 150w, https:\/\/i0.wp.com\/pisa.wordcamp.org\/2025\/files\/2025\/09\/vecteezy_airplane-drawing-png-generative-ai_28720626-scaled.png?resize=768%2C768&amp;ssl=1 768w, https:\/\/i0.wp.com\/pisa.wordcamp.org\/2025\/files\/2025\/09\/vecteezy_airplane-drawing-png-generative-ai_28720626-scaled.png?resize=1536%2C1536&amp;ssl=1 1536w, https:\/\/i0.wp.com\/pisa.wordcamp.org\/2025\/files\/2025\/09\/vecteezy_airplane-drawing-png-generative-ai_28720626-scaled.png?resize=2048%2C2048&amp;ssl=1 2048w\" sizes=\"auto, (max-width: 1024px) 100vw, 1024px\" \/><figcaption class=\"wp-element-caption\"><a href=\"https:\/\/www.vecteezy.com\/free-png\/aircraft\">Aircraft PNGs by Vecteezy<\/a><\/figcaption><\/figure>\n<\/div>\n\n\n\n<div class=\"wp-block-column is-vertically-aligned-center is-layout-flow wp-block-column-is-layout-flow\" style=\"flex-basis:50%\">\n<p class=\"wp-block-paragraph\">Per chi prendesse l&#8217;<strong>aereo<\/strong> potrebbe essere utile consultare il sito <strong><a href=\"https:\/\/pisa-airport.it\/it\/\">Pisa Airport<\/a><\/strong>. Per raggiungere il centro una volta atterrati \u00e8 disponibile il <strong>treno-navetta <a href=\"https:\/\/pisa-mover.com\/servizio-shuttle\/\">Pisa Mover<\/a><\/strong> che collega l&#8217;aeroporto con la stazione Pisa Centrale e con i parcheggi scambiatori. Allo stesso scopo \u00e8 possibile prendere un <strong>autobus<\/strong> <strong>urbano <\/strong>delle linee <a href=\"https:\/\/www.google.com\/search?client=firefox-b-d&amp;q=autobus+LAM+Verde+S.+Agostino+1+Pisa\">LAM Verde S. Agostino 1<\/a> e <a href=\"https:\/\/www.at-bus.it\/it\/linee-e-orari\/pisa-urbano-5\">Linea 5<\/a>.<\/p>\n<\/div>\n<\/div>\n\n\n\n<div class=\"wp-block-columns is-layout-flex wp-container-core-columns-is-layout-794e3cfa wp-block-columns-is-layout-flex\">\n<div class=\"wp-block-column is-vertically-aligned-center is-layout-flow wp-block-column-is-layout-flow\" style=\"flex-basis:50%\">\n<p class=\"wp-block-paragraph\">Per chi arriva in <strong>automobile<\/strong> \u00e8 utile sapere che a Pisa sono presenti diversi <strong>parcheggi scambiatori<\/strong>, che permettono di lasciare la propria autovettura e raggiungere il centro tramite i mezzi di trasporto pubblici. <\/p>\n\n\n\n<p class=\"wp-block-paragraph\"><br>Qui di seguito trovate una <strong>lista dei parcheggi scambiatori principali<\/strong>, che comprende informazioni utili come: \u00abQuando \u00e8 occupato dal mercato? \u00c8 gratuito? \u00c8 accessibile ai camper?\u00bb<\/p>\n<\/div>\n\n\n\n<div class=\"wp-block-column is-layout-flow wp-block-column-is-layout-flow\" style=\"flex-basis:50%\">\n<figure class=\"wp-block-image aligncenter is-resized\"><img data-recalc-dims=\"1\" loading=\"lazy\" decoding=\"async\" width=\"1024\" height=\"680\" src=\"https:\/\/i0.wp.com\/pisa.wordcamp.org\/2025\/files\/2025\/09\/vecteezy_red-car-cartoon-style-trendy-illustration_49620650.png?resize=1024%2C680&#038;ssl=1\" alt=\"\" class=\"wp-image-2431\" style=\"aspect-ratio:1.505893864483071;width:377px;height:auto\" srcset=\"https:\/\/i0.wp.com\/pisa.wordcamp.org\/2025\/files\/2025\/09\/vecteezy_red-car-cartoon-style-trendy-illustration_49620650-scaled.png?resize=1024%2C680&amp;ssl=1 1024w, https:\/\/i0.wp.com\/pisa.wordcamp.org\/2025\/files\/2025\/09\/vecteezy_red-car-cartoon-style-trendy-illustration_49620650-scaled.png?resize=300%2C199&amp;ssl=1 300w, https:\/\/i0.wp.com\/pisa.wordcamp.org\/2025\/files\/2025\/09\/vecteezy_red-car-cartoon-style-trendy-illustration_49620650-scaled.png?resize=768%2C510&amp;ssl=1 768w, https:\/\/i0.wp.com\/pisa.wordcamp.org\/2025\/files\/2025\/09\/vecteezy_red-car-cartoon-style-trendy-illustration_49620650-scaled.png?resize=452%2C300&amp;ssl=1 452w, https:\/\/i0.wp.com\/pisa.wordcamp.org\/2025\/files\/2025\/09\/vecteezy_red-car-cartoon-style-trendy-illustration_49620650-scaled.png?resize=1536%2C1020&amp;ssl=1 1536w, https:\/\/i0.wp.com\/pisa.wordcamp.org\/2025\/files\/2025\/09\/vecteezy_red-car-cartoon-style-trendy-illustration_49620650-scaled.png?resize=2048%2C1360&amp;ssl=1 2048w\" sizes=\"auto, (max-width: 1024px) 100vw, 1024px\" \/><figcaption class=\"wp-element-caption\"><a href=\"https:\/\/www.vecteezy.com\/free-png\/car\">Car PNGs by Vecteezy<\/a><\/figcaption><\/figure>\n<\/div>\n<\/div>\n\n\n\n<ol class=\"wp-block-list\">\n<li class=\"come-arrivare-li\"><strong>Park Paparelli<\/strong><br><br><strong>Posizione<\/strong>: zona Nord, vicino all&#8217;ingresso della citt\u00e0 e a circa un chilometro da Piazza dei Miracoli.<br><strong>Descrizione<\/strong>: molto ampio, sono disponibili sia parcheggi a sosta gratuita che a pagamento. <br>Venerd\u00ec 21 novembre, giorno del <strong>Contributor Day<\/strong>, questo parcheggio \u00e8 di sicuro il pi\u00f9 comodo per raggiungere il Dipartimento di Informatica. Ma <strong>attenzione<\/strong>: per la Giornata delle Conferenze, sabato 22 novembre, il parcheggio sar\u00e0 occupato dal mercato, quindi conviene parcheggiare da un&#8217;altra parte.<br><strong>Servizio<\/strong>: collegato al centro tramite la <a href=\"https:\/\/www.at-bus.it\/it\/linee-e-orari\/pisa-urbano-3#tabs-toggle-1\">Linea 3+<\/a>.<br><strong>Sosta camper<\/strong>: consentita quando non c&#8217;\u00e8 il mercato.<br><strong>Nota<\/strong>: il parcheggio \u00e8 occupato dal mercato il mercoled\u00ec e il sabato dalle 8:00 alle 13:30, riducendo di molto la presenza di parcheggi disponibili e non consentendo la sosta dei camper.<br><\/li>\n\n\n\n<li class=\"come-arrivare-li\"><strong>Park Pietrasantina<\/strong><br><br><strong>Posizione<\/strong>: zona Nord, vicino allo stadio e a circa un chilometro da Piazza dei Miracoli.<br><strong>Descrizione<\/strong>: ampio parcheggio gratuito per le auto, a pagamento per i camper.<br><strong>Servizio<\/strong>: collegato al centro tramite la <a href=\"https:\/\/www.at-bus.it\/it\/linee-e-orari\/pisa-urbano-1#tabs-toggle-1\">Linea 1+<\/a>.<br><strong>Sosta camper<\/strong>: consentita solo a pagamento, per maggiori info consultare <a href=\"https:\/\/www.comune.pisa.it\/Amministrazione\/Documenti-e-dati\/Documenti-albo-pretorio\/Parcheggio-scambiatore-Via-Pietrasantina.-Istituzione-sosta-a-pagamento-Camper\">questa pagina<\/a>.<br><strong>Nota<\/strong>: punto di sosta dei bus turistici.<br><\/li>\n\n\n\n<li class=\"come-arrivare-li\"><strong>Parking Goletta e Parking Aurelia, Pisa Mover<\/strong><br><br><strong>Posizione<\/strong>: vicino all&#8217;aeroporto.<br><strong>Descrizione<\/strong>: a pagamento, il <a href=\"https:\/\/pisa-mover.com\/i-servizi\/tariffe-park-shuttle\/\">ticket del parcheggio<\/a> copre 18 ore e il costo della navetta.<br><strong>Servizio<\/strong>: collegato alla Stazione Pisa Centrale ed eventualmente anche all&#8217;aeroporto dal treno-navetta <a href=\"https:\/\/pisa-mover.com\/\">Pisa Mover<\/a>. <br><strong>Attenzione<\/strong>: il treno-navetta \u00e8 disponibile solo dalle 6:00 alle 24:00.<br><\/li>\n\n\n\n<li class=\"come-arrivare-li\"><strong>Parcheggio Via di Pratale<\/strong><br><br><strong>Posizione<\/strong>: zona Est, fuori dalle mura della citt\u00e0.<br><strong>Descrizione<\/strong>: ampio parcheggio gratuito per le auto, a pagamento per i camper.<br><strong>Servizio<\/strong>: per raggiungere il centro occorrer\u00e0 prendere la <a href=\"https:\/\/www.at-bus.it\/it\/linee-e-orari\/pisa-urbano-3#tabs-toggle-1\">Linea 3+<\/a><br><strong>Sosta camper<\/strong>: forse il miglior parcheggio per i camper a Pisa, con servizio per acqua ed elettricit\u00e0 e personale che lo gestisce.<br><strong>Nota<\/strong>: il pi\u00f9 distante dal centro tra quelli consigliati.<\/li>\n<\/ol>\n\n\n\n<p class=\"wp-block-paragraph\"><\/p>\n","protected":false},"excerpt":{"rendered":"<p>Grazie alla presenza dell&#8217;Universit\u00e0 di Pisa, uno degli atenei pi\u00f9 frequentati in Italia, Pisa \u00e8 a tutti gli effetti una citt\u00e0 campus e pertanto \u00e8 sia facilmente raggiungibile da molto lontano, che molto ben interconnessa a livello di mezzi di trasporto pubblici. Infatti essa vanta la presenza di un aeroporto, di due stazioni ferroviarie e [&hellip;]<\/p>\n","protected":false},"author":23155165,"featured_media":0,"parent":0,"menu_order":0,"comment_status":"closed","ping_status":"closed","template":"","meta":{"_crdt_document":"","advanced_seo_description":"","jetpack_seo_html_title":"","jetpack_seo_noindex":false,"footnotes":""},"class_list":["post-2422","page","type-page","status-publish","hentry"],"jetpack_sharing_enabled":true,"_links":{"self":[{"href":"https:\/\/pisa.wordcamp.org\/2025\/wp-json\/wp\/v2\/pages\/2422","targetHints":{"allow":["GET"]}}],"collection":[{"href":"https:\/\/pisa.wordcamp.org\/2025\/wp-json\/wp\/v2\/pages"}],"about":[{"href":"https:\/\/pisa.wordcamp.org\/2025\/wp-json\/wp\/v2\/types\/page"}],"author":[{"embeddable":true,"href":"https:\/\/pisa.wordcamp.org\/2025\/wp-json\/wp\/v2\/users\/23155165"}],"replies":[{"embeddable":true,"href":"https:\/\/pisa.wordcamp.org\/2025\/wp-json\/wp\/v2\/comments?post=2422"}],"version-history":[{"count":7,"href":"https:\/\/pisa.wordcamp.org\/2025\/wp-json\/wp\/v2\/pages\/2422\/revisions"}],"predecessor-version":[{"id":3678,"href":"https:\/\/pisa.wordcamp.org\/2025\/wp-json\/wp\/v2\/pages\/2422\/revisions\/3678"}],"wp:attachment":[{"href":"https:\/\/pisa.wordcamp.org\/2025\/wp-json\/wp\/v2\/media?parent=2422"}],"curies":[{"name":"wp","href":"https:\/\/api.w.org\/{rel}","templated":true}]}}