{"id":3035,"date":"2025-10-23T21:39:19","date_gmt":"2025-10-23T19:39:19","guid":{"rendered":"https:\/\/pisa.wordcamp.org\/2025\/?page_id=3035"},"modified":"2025-10-24T15:17:59","modified_gmt":"2025-10-24T13:17:59","slug":"cerchiamo-volontari%c9%99-2","status":"publish","type":"page","link":"https:\/\/pisa.wordcamp.org\/2025\/cerchiamo-volontari%c9%99-2\/","title":{"rendered":"Cerchiamo volontari\u0259!"},"content":{"rendered":"\n<div class=\"wp-block-cover alignfull wp-duotone-111111-ffffff-1\" style=\"padding-top:var(--wp--preset--spacing--80);padding-right:var(--wp--preset--spacing--50);padding-bottom:var(--wp--preset--spacing--80);padding-left:var(--wp--preset--spacing--50)\"><img data-recalc-dims=\"1\" loading=\"lazy\" decoding=\"async\" width=\"1024\" height=\"683\" class=\"wp-block-cover__image-background wp-image-1314 size-large\" alt=\"Torre di Pisa\" src=\"https:\/\/i0.wp.com\/pisa.wordcamp.org\/2025\/files\/2025\/05\/Torre-di-Pisa.jpg?resize=1024%2C683&#038;ssl=1\" style=\"object-position:21% 50%\" data-object-fit=\"cover\" data-object-position=\"21% 50%\" srcset=\"https:\/\/i0.wp.com\/pisa.wordcamp.org\/2025\/files\/2025\/05\/Torre-di-Pisa.jpg?resize=1024%2C683&amp;ssl=1 1024w, https:\/\/i0.wp.com\/pisa.wordcamp.org\/2025\/files\/2025\/05\/Torre-di-Pisa.jpg?resize=300%2C200&amp;ssl=1 300w, https:\/\/i0.wp.com\/pisa.wordcamp.org\/2025\/files\/2025\/05\/Torre-di-Pisa.jpg?resize=768%2C512&amp;ssl=1 768w, https:\/\/i0.wp.com\/pisa.wordcamp.org\/2025\/files\/2025\/05\/Torre-di-Pisa.jpg?resize=450%2C300&amp;ssl=1 450w, https:\/\/i0.wp.com\/pisa.wordcamp.org\/2025\/files\/2025\/05\/Torre-di-Pisa.jpg?resize=1536%2C1024&amp;ssl=1 1536w, https:\/\/i0.wp.com\/pisa.wordcamp.org\/2025\/files\/2025\/05\/Torre-di-Pisa.jpg?resize=2048%2C1365&amp;ssl=1 2048w\" sizes=\"auto, (max-width: 1024px) 100vw, 1024px\" \/><span aria-hidden=\"true\" class=\"wp-block-cover__background has-accent-3-background-color has-background-dim-90 has-background-dim\"><\/span><div class=\"wp-block-cover__inner-container has-global-padding is-layout-constrained wp-container-core-cover-is-layout-16ed407f wp-block-cover-is-layout-constrained\">\n<div class=\"wp-block-group is-layout-flow wp-block-group-is-layout-flow\">\n<div class=\"wp-block-columns alignwide is-layout-flex wp-container-core-columns-is-layout-f911b2ec wp-block-columns-is-layout-flex\">\n<div class=\"wp-block-column is-vertically-aligned-center is-layout-flow wp-block-column-is-layout-flow\" style=\"flex-basis:55%\">\n<div class=\"wp-block-group is-vertical is-content-justification-left is-nowrap is-layout-flex wp-container-core-group-is-layout-e6e33fe6 wp-block-group-is-layout-flex\" style=\"min-height:100%\">\n<div class=\"wp-block-group has-global-padding is-layout-constrained wp-container-core-group-is-layout-f789337c wp-block-group-is-layout-constrained\"><h2 class=\"wp-block-post-title has-xx-large-font-size\">Cerchiamo volontari\u0259!<\/h2><\/div>\n<\/div>\n<\/div>\n\n\n\n<div class=\"wp-block-column is-vertically-aligned-top is-layout-flow wp-block-column-is-layout-flow\" style=\"flex-basis:45%\">\n<figure class=\"wp-block-image size-full\"><img data-recalc-dims=\"1\" loading=\"lazy\" decoding=\"async\" width=\"420\" height=\"351\" src=\"https:\/\/i0.wp.com\/pisa.wordcamp.org\/2025\/files\/2025\/10\/immagine-1.png?resize=420%2C351&#038;ssl=1\" alt=\"\" class=\"wp-image-2670\" srcset=\"https:\/\/i0.wp.com\/pisa.wordcamp.org\/2025\/files\/2025\/10\/immagine-1.png?w=420&amp;ssl=1 420w, https:\/\/i0.wp.com\/pisa.wordcamp.org\/2025\/files\/2025\/10\/immagine-1.png?resize=300%2C251&amp;ssl=1 300w, https:\/\/i0.wp.com\/pisa.wordcamp.org\/2025\/files\/2025\/10\/immagine-1.png?resize=359%2C300&amp;ssl=1 359w\" sizes=\"auto, (max-width: 420px) 100vw, 420px\" \/><\/figure>\n<\/div>\n<\/div>\n<\/div>\n<\/div><\/div>\n\n\n\n<div class=\"wp-block-group is-style-section-1 has-global-padding is-layout-constrained wp-container-core-group-is-layout-c9a371c5 wp-block-group-is-layout-constrained is-style-section-1--2\" style=\"padding-top:var(--wp--preset--spacing--30);padding-right:var(--wp--preset--spacing--30);padding-bottom:var(--wp--preset--spacing--30);padding-left:var(--wp--preset--spacing--30)\">\n<h2 class=\"wp-block-heading\" id=\"modulo-candidatura\">Call for volunteer chiusa<\/h2>\n\n\n\n<p class=\"wp-block-paragraph\">Grazie a Tutt\u0259 per le numerose candidature!<\/p>\n\n\n\n<p class=\"wp-block-paragraph\">Nei prossimi giorni contatteremo chi ha presentato la propria candidatura.<\/p>\n\n\n\n<p class=\"wp-block-paragraph\">Se non hai fatto in tempo a candidarti, puoi sempre essere parte dell&#8217;evento acquistando il tuo biglietto e partecipando al primo WordCamp Pisa <a href=\"https:\/\/pisa.wordcamp.org\/2025\/tickets\/\">https:\/\/pisa.wordcamp.org\/2025\/tickets\/<\/a><\/p>\n<\/div>\n\n\n\n<h2 class=\"wp-block-heading\"><strong>Perch\u00e9 dovresti candidarti come volontari\u0259 per il Wordcamp Pisa 2025?<\/strong><\/h2>\n\n\n\n<ul class=\"wp-block-list\">\n<li>Perch\u00e9 <strong>\u00e8 una esperienza bellissima<\/strong>, ed \u00e8 un modo di contribuire a WordPress.<\/li>\n\n\n\n<li>Perch\u00e9 <strong>ti permetter\u00e0 di conoscere tante persone<\/strong> e stringere nuove relazioni di collaborazione o amicizia.<\/li>\n\n\n\n<li>Perch\u00e9 sarai&nbsp;<strong>parte essenziale del team<\/strong>&nbsp;durante il giorno dell\u2019evento.<\/li>\n<\/ul>\n\n\n\n<h3 class=\"wp-block-heading\">Perch\u00e9 abbiamo bisogno di te<\/h3>\n\n\n\n<p class=\"wp-block-paragraph\"><strong>Un WordCamp esiste grazie alle persone che, volontariamente, scelgono di dedicare del tempo all\u2019organizzazione<\/strong> e poi alla gestione delle tante cose che fanno di questi due giorni una grande festa .<\/p>\n\n\n\n<p class=\"wp-block-paragraph\">Puoi fare parte anche tu di questo team: non ci sar\u00e0 bisogno di altro che di <strong>entusiasmo<\/strong>, buona <strong>volont\u00e0<\/strong>, voglia di mettere il tuo <strong>tempo<\/strong> a disposizione della community.<\/p>\n\n\n\n<p class=\"wp-block-paragraph\">Fare l\u0259 volontari\u0259 significa vivere da dentro l\u2019evento: significa sentirsi parte del funzionamento di questa splendida macchina, arrivare a sera esausti ma euforici, sapere che le persone si stanno godendo l\u2019intero evento anche grazie al tuo contributo.<\/p>\n\n\n\n<h3 class=\"wp-block-heading\"><strong>Vuoi candidarti?<\/strong><\/h3>\n\n\n\n<p class=\"wp-block-paragraph\">Leggi le informazioni qui sotto e poi vai in fondo alla pagina e <a href=\"#invio-candidatura\">compila il modulo<\/a>.<\/p>\n\n\n\n<h3 class=\"wp-block-heading\"><strong>Come puoi essere d\u2019aiuto<\/strong><\/h3>\n\n\n\n<p class=\"wp-block-paragraph\">Abbiamo bisogno di persone sul campo e con le mani in pasta il giorno dell\u2019evento.<\/p>\n\n\n\n<h6 class=\"wp-block-heading\"><em>[RUOLI VERSIONE CORTA]<\/em><\/h6>\n\n\n\n<p class=\"wp-block-paragraph\">Le attivit\u00e0 di un\u0259 volontari\u0259 sono:<\/p>\n\n\n\n<ul class=\"wp-block-list\">\n<li>Registrazione e accoglienza.<\/li>\n\n\n\n<li>Distribuzione swag e gadget del WordCamp.<\/li>\n\n\n\n<li>Aiutare durante il pranzo e le pause caff\u00e8.<\/li>\n\n\n\n<li>Assistenza speaker.<\/li>\n\n\n\n<li>Occuparti della sala durante i talk.<\/li>\n\n\n\n<li>Aiutare \u0259 partecipant\u0259 a orientarsi nella venue.<\/li>\n<\/ul>\n\n\n\n<h6 class=\"wp-block-heading\"><em>[RUOLI VERSIONE LUNGA]<\/em><\/h6>\n\n\n\n<p class=\"wp-block-paragraph\">Ma esattamente chi ci serve? Solitamente i ruoli da ricoprire sono quelli descritti qui sotto, ma \u00e8 possibile che in prossimit\u00e0 dell\u2019incontro cambi qualcosa e si aggiungano o tolgano alcune figure:<\/p>\n\n\n\n<ul class=\"wp-block-list\">\n<li><strong>Registrazione<\/strong>: accoglienza de\u0259 partecipant\u0259, consegna del badge e dei gadget dell\u2019evento.<\/li>\n\n\n\n<li><strong>Green Room<\/strong>: \u00e8 la stanza dedicata a volontari\u0259, organizzator\u0259 e speaker. Il ruolo \u00e8 quello di presidiare la stanza per mantenere il silenzio e l\u2019accesso riservato.<\/li>\n\n\n\n<li><strong>Emcee<\/strong>: \u00e8 la persona che presenta talk e speaker, intrattiene durante le pause comunicando informazioni di servizio e avvisi.<\/li>\n\n\n\n<li><strong>Time Keeper<\/strong>: ha il fondamentale compito di aiutare l\u0259 speaker a rispettare i tempi prestabiliti mostrando loro un cartello con il tempo rimanente alla fine dell\u2019intervento.<\/li>\n\n\n\n<li><strong>Room Manager<\/strong>: \u00e8 in servizio all\u2019interno della sala della conferenza. Coordina e verifica che tutto funzioni e che si rispettino i tempi, e gestisce tutto quello che riguarda la sala e lo svolgimento della conferenza al suo interno. Verifica che ci siano l\u0259 speaker prima del loro talk, e aiuta a testare la connessione video al proiettore. \u00c8 anche la persona che verifica che il team della sala sia al completo 10 minuti prima di iniziare. Durante il Q&amp;A porta il microfono alla persona nel pubblico che l\u2019MC gli indicher\u00e0 per far fare la domanda.<\/li>\n\n\n\n<li><strong>Social Media<\/strong>: dovr\u00e0 occuparsi di fare il live su Twitter e Facebook durante la conferenza. Chi si occupa di questa attivit\u00e0 dovr\u00e0 seguire i talk e twittare i contenuti pi\u00f9 interessanti.<\/li>\n\n\n\n<li><strong>Foto<\/strong>: con propria attrezzatura, il compito sar\u00e0 quello di immortalare i vari momenti del WordCamp e soprattutto il suo spirito, producendo del materiale fotografico utilizzabile anche a scopi promozionali.<\/li>\n<\/ul>\n\n\n\n<h2 class=\"wp-block-heading\"><strong>FAQ<\/strong><\/h2>\n\n\n\n<h4 class=\"wp-block-heading\"><strong>Sar\u00f2 in servizio tutto il tempo?<\/strong><\/h4>\n\n\n\n<p class=\"wp-block-paragraph\">No. <strong>Verranno stabiliti dei turni<\/strong>. Ricorda, per\u00f2, che sarai riconosciut\u0259 come componente dello staff durante tutto l\u2019evento: ci aspettiamo, quindi, che tu sia disponibile per aiutare i partecipanti. \u00c8 l\u2019onore, e l\u2019onere, di essere parte di un evento cos\u00ec coinvolgente!<\/p>\n\n\n\n<h4 class=\"wp-block-heading\"><strong>\u00c8 previsto un compenso o un rimborso spese?<\/strong><\/h4>\n\n\n\n<p class=\"wp-block-paragraph\">No. I WordCamp sono eventi fatti da volontari\u0259, quindi, come nel resto del mondo, <strong>non sono previsti compensi o coperture di spese<\/strong>. Sar\u00e0 tua cura coprire i costi di viaggio e permanenza a Pisa. Se sarai accettato come volontari\u0259 avrai accesso gratuito all\u2019evento per entrambi i giorni, pranzi inclusi. Fare volontariato al WordCamp Pisa \u00e8 un modo unico per contribuire e sostenere l\u2019evento e la comunit\u00e0 di WordPress.<\/p>\n\n\n\n<h4 class=\"wp-block-heading\"><strong>Che cosa devo aspettarmi?<\/strong><\/h4>\n\n\n\n<p class=\"wp-block-paragraph\">Di divertirti, anzitutto!<\/p>\n\n\n\n<p class=\"wp-block-paragraph\"><strong>Ti comunicheremo al pi\u00f9 presto se sarai parte del nostro team<\/strong> di volontari\u0259 \u2013 nb: ci piacerebbe accettare tutti, ma non \u00e8 sempre possibile! Quindi se non avrai una conferma, non averne a male: ci saranno tantissime altre occasioni per contribuire a WordPress!<\/p>\n\n\n\n<p class=\"wp-block-paragraph\">Una volta che sarai accettat\u0259 come volontari\u0259 al WordCamp Pisa 2025, <strong>sarai aggregat\u0259 al team volontari\u0259 in funzione di ci\u00f2 che sai fare<\/strong> e ti saranno assegnati vari compiti prima e durante l\u2019evento.<\/p>\n\n\n\n<p class=\"wp-block-paragraph\"><strong>Ci incontreremo il 22.11.2025 mattina prima dell\u2019inizio dell\u2019evento<\/strong>, per orientare le attivit\u00e0 dello staff di cui fai parte. Conoscerai l\u2019intero team, parleremo dei compiti assegnati a ciascun\u0259, vedremo insieme la sede e potrai dare una mano alla prima organizzazione.<\/p>\n\n\n\n<p class=\"wp-block-paragraph\"><strong>Il giorno del WordCamp, il 22.11.2025, lavoreremo tutti assieme<\/strong> come parte di una squadra che ci auguriamo possa funzionare come un orologio.<\/p>\n\n\n\n<p class=\"wp-block-paragraph\">Ehi, dopo l\u2019evento c\u2019\u00e8 l\u2019After Party, non vorrai mica andare via subito?<\/p>\n\n\n\n<h2 class=\"wp-block-heading\"><strong>Ti interessa aiutarci?<\/strong><\/h2>\n\n\n\n<p class=\"wp-block-paragraph\"><a href=\"#invio-candidatura\">Compila il modulo<\/a> in fondo alla pagina. Non vediamo l\u2019ora di averti nella squadra!<\/p>\n\n\n\n<h4 class=\"wp-block-heading\"><strong>Come entrare subito nello spirito giusto?<\/strong><\/h4>\n\n\n\n<p class=\"wp-block-paragraph\">Se non ci sei ancora, <a href=\"https:\/\/it.wordpress.org\/slack\/\">raggiungi l\u2019Italia WordPress Community su Slack<\/a>! Sar\u00e0 anche il nostro principale canale di comunicazione e coordinamento durante il WordCamp.<\/p>\n\n\n\n<h4 class=\"wp-block-heading\"><strong>Devo acquistare il biglietto?<\/strong><\/h4>\n\n\n\n<p class=\"wp-block-paragraph\">No. Tutt\u0259 \u0259 volontari\u0259 avranno diritto all\u2019ingresso gratuito al WordCamp, quindi se ti candidi non procedere subito con l\u2019acquisto del biglietto!<\/p>\n\n\n\n<p class=\"wp-block-paragraph\">Nel caso in cui non sarai scelt\u0259 tra \u0259 volontari\u0259, ma decidessi comunque di venire (ovvio che verrai!) non preoccuparti di restare senza biglietto, ne metteremo in vendita altri!<\/p>\n","protected":false},"excerpt":{"rendered":"<p>Call for volunteer chiusa Grazie a Tutt\u0259 per le numerose candidature! Nei prossimi giorni contatteremo chi ha presentato la propria candidatura. Se non hai fatto in tempo a candidarti, puoi sempre essere parte dell&#8217;evento acquistando il tuo biglietto e partecipando al primo WordCamp Pisa https:\/\/pisa.wordcamp.org\/2025\/tickets\/ Perch\u00e9 dovresti candidarti come volontari\u0259 per il Wordcamp Pisa 2025? [&hellip;]<\/p>\n","protected":false},"author":15253075,"featured_media":0,"parent":0,"menu_order":0,"comment_status":"closed","ping_status":"closed","template":"page-no-title","meta":{"_crdt_document":"","advanced_seo_description":"","jetpack_seo_html_title":"","jetpack_seo_noindex":false,"jetpack_post_was_ever_published":false,"footnotes":""},"class_list":["post-3035","page","type-page","status-publish","hentry"],"jetpack_sharing_enabled":true,"_links":{"self":[{"href":"https:\/\/pisa.wordcamp.org\/2025\/wp-json\/wp\/v2\/pages\/3035","targetHints":{"allow":["GET"]}}],"collection":[{"href":"https:\/\/pisa.wordcamp.org\/2025\/wp-json\/wp\/v2\/pages"}],"about":[{"href":"https:\/\/pisa.wordcamp.org\/2025\/wp-json\/wp\/v2\/types\/page"}],"author":[{"embeddable":true,"href":"https:\/\/pisa.wordcamp.org\/2025\/wp-json\/wp\/v2\/users\/15253075"}],"replies":[{"embeddable":true,"href":"https:\/\/pisa.wordcamp.org\/2025\/wp-json\/wp\/v2\/comments?post=3035"}],"version-history":[{"count":4,"href":"https:\/\/pisa.wordcamp.org\/2025\/wp-json\/wp\/v2\/pages\/3035\/revisions"}],"predecessor-version":[{"id":3047,"href":"https:\/\/pisa.wordcamp.org\/2025\/wp-json\/wp\/v2\/pages\/3035\/revisions\/3047"}],"wp:attachment":[{"href":"https:\/\/pisa.wordcamp.org\/2025\/wp-json\/wp\/v2\/media?parent=3035"}],"curies":[{"name":"wp","href":"https:\/\/api.w.org\/{rel}","templated":true}]}}